{"id":280,"date":"2023-12-11T16:05:50","date_gmt":"2023-12-11T16:05:50","guid":{"rendered":"https:\/\/elsprepaid.wpenginepowered.com\/kela\/"},"modified":"2024-02-02T15:56:32","modified_gmt":"2024-02-02T15:56:32","slug":"fpa","status":"publish","type":"page","link":"https:\/\/elsprepaid.com\/sv\/fpa\/","title":{"rendered":"FPA"},"content":{"rendered":"\n<p><a href=\"https:\/\/elsprepaid.com\/wp-content\/uploads\/2024\/01\/ELS-Kortvillkor-Kela_SV2023-08-30.pdf\">Regler och villkor<\/a><\/p>\n\n\n\n<h2 class=\"wp-block-heading\">Vanliga fr\u00e5gor<\/h2>\n\n\n\n<ul class=\"wp-block-list\">\n<li><a href=\"https:\/\/elsprepaid.com\/sv\/fpa\/behover-du-hjalp-med-din-pin-kod\/\" data-type=\"page\" data-id=\"72\">Har du problem med din PIN-kod?<\/a><\/li>\n\n\n\n<li><a href=\"https:\/\/elsprepaid.com\/wp-content\/uploads\/2024\/02\/ELS_Prepaid_MyPortal_user_manual_SE.pdf\" data-type=\"page\" data-id=\"364\" target=\"_blank\" rel=\"noreferrer noopener\">Beh\u00f6ver du hj\u00e4lp med MyPortal?<\/a><\/li>\n\n\n\n<li><a href=\"https:\/\/elsprepaid.com\/sv\/fpa\/fungerar-inte-ditt-kort\/\" data-type=\"page\" data-id=\"82\">Fungerar inte ditt kort?<\/a><\/li>\n\n\n\n<li><a href=\"https:\/\/elsprepaid.com\/sv\/fpa\/hur-skaffar-jag-ett-nytt-kort\/\" data-type=\"page\" data-id=\"86\">Hur skaffar jag ett nytt kort?<\/a><\/li>\n\n\n\n<li><a href=\"https:\/\/elsprepaid.com\/sv\/fpa\/har-transaktionen-nekats\/\" data-type=\"page\" data-id=\"89\">Har transaktionen nekats? <\/a><a href=\"https:\/\/elsprepaid.com\/kela\/transaction-declined-find-out-more\/\" data-type=\"page\" data-id=\"89\">L\u00e4s mer<\/a><\/li>\n\n\n\n<li><a href=\"https:\/\/elsprepaid.com\/sv\/fpa\/forlorat-kort-vad-ska-jag-gora\/\" data-type=\"page\" data-id=\"94\">Har du f\u00f6rlorat ditt kort?<\/a><\/li>\n<\/ul>\n\n\n\n<h3 class=\"wp-block-heading\">Kontakt vid fr\u00e5gor<\/h3>\n\n\n\n<p>Kontakta kontoret d\u00e4r du h\u00e4mtadeck ditt kort.<\/p>\n","protected":false},"excerpt":{"rendered":"<p>Regler och villkor Vanliga fr\u00e5gor Kontakt vid fr\u00e5gor Kontakta kontoret d\u00e4r du h\u00e4mtadeck ditt kort.<\/p>\n","protected":false},"author":1,"featured_media":0,"parent":0,"menu_order":1,"comment_status":"closed","ping_status":"closed","template":"","meta":{"footnotes":""},"class_list":["post-280","page","type-page","status-publish","hentry"],"_links":{"self":[{"href":"https:\/\/elsprepaid.com\/sv\/wp-json\/wp\/v2\/pages\/280","targetHints":{"allow":["GET"]}}],"collection":[{"href":"https:\/\/elsprepaid.com\/sv\/wp-json\/wp\/v2\/pages"}],"about":[{"href":"https:\/\/elsprepaid.com\/sv\/wp-json\/wp\/v2\/types\/page"}],"author":[{"embeddable":true,"href":"https:\/\/elsprepaid.com\/sv\/wp-json\/wp\/v2\/users\/1"}],"replies":[{"embeddable":true,"href":"https:\/\/elsprepaid.com\/sv\/wp-json\/wp\/v2\/comments?post=280"}],"version-history":[{"count":0,"href":"https:\/\/elsprepaid.com\/sv\/wp-json\/wp\/v2\/pages\/280\/revisions"}],"wp:attachment":[{"href":"https:\/\/elsprepaid.com\/sv\/wp-json\/wp\/v2\/media?parent=280"}],"curies":[{"name":"wp","href":"https:\/\/api.w.org\/{rel}","templated":true}]}}