{"id":367,"date":"2024-01-25T13:13:25","date_gmt":"2024-01-25T13:13:25","guid":{"rendered":"https:\/\/elsprepaid.wpenginepowered.com\/fpa\/fungerar-inte-ditt-kort\/"},"modified":"2024-01-31T11:07:28","modified_gmt":"2024-01-31T11:07:28","slug":"fungerar-inte-ditt-kort","status":"publish","type":"page","link":"https:\/\/elsprepaid.com\/sv\/fpa\/fungerar-inte-ditt-kort\/","title":{"rendered":"Fungerar inte ditt kort?"},"content":{"rendered":"\n<p>Vi f\u00f6rst\u00e5r frustrationen n\u00e4r ditt kort inte samarbetar. Innan du kontaktar ditt kontor b\u00f6r du \u00f6verv\u00e4ga dessa steg f\u00f6r att effektivisera fels\u00f6kningsprocessen:<\/p>\n\n\n\n<p><strong>Detaljerna \u00e4r viktiga:<\/strong> N\u00e4r du beskriver problemet, ange s\u00e5 mycket detaljer som m\u00f6jligt. Ju mer information du delar, desto snabbare kan vi lokalisera problemet.<\/p>\n\n\n\n<p><strong>Terminalproblem:<\/strong> \u00c4r ditt kort fel p\u00e5 en betalterminal, en bankomat eller b\u00e5da? Bekr\u00e4fta om det fungerar i den ena men inte den andra, vilket hj\u00e4lper oss att f\u00f6rst\u00e5 omfattningen av problemet.<\/p>\n\n\n\n<p><strong>PIN- och chipkontroll:<\/strong> N\u00e4r anv\u00e4nde du senast PIN-koden och chippet f\u00f6r en transaktion? Det finns s\u00e4kerhets\u00e5tg\u00e4rder p\u00e5 plats, och om du har haft flera p\u00e5 varandra f\u00f6ljande kontaktl\u00f6sa transaktioner kan det vara dags f\u00f6r en PIN- och chiptransaktion. Vi rekommenderar att du provar den h\u00e4r metoden om ditt kort inte samarbetar.<\/p>\n\n\n\n<p><strong>Saldoverifiering:<\/strong> Se till att ditt kort har tillr\u00e4ckligt med pengar f\u00f6r transaktionen. Du kan bekv\u00e4mt kontrollera ditt saldo i MyPortal eller i en Nosto-uttagsautomat.<\/p>\n\n\n\n<p>Om dessa steg inte l\u00f6ser problemet, tveka inte att kontakta kontoret d\u00e4r du fick ditt kort. De hj\u00e4lper dig att f\u00e5 ditt kort p\u00e5 r\u00e4tt sp\u00e5r igen.<\/p>\n","protected":false},"excerpt":{"rendered":"<p>Vi f\u00f6rst\u00e5r frustrationen n\u00e4r ditt kort inte samarbetar. Innan du kontaktar ditt kontor b\u00f6r du \u00f6verv\u00e4ga dessa steg f\u00f6r att effektivisera fels\u00f6kningsprocessen: Detaljerna \u00e4r viktiga: N\u00e4r du beskriver problemet, ange s\u00e5 mycket detaljer som m\u00f6jligt. Ju mer information du delar, desto snabbare kan vi lokalisera problemet. Terminalproblem: \u00c4r ditt kort fel p\u00e5 en betalterminal, en [&hellip;]<\/p>\n","protected":false},"author":1,"featured_media":0,"parent":280,"menu_order":0,"comment_status":"closed","ping_status":"closed","template":"","meta":{"footnotes":""},"class_list":["post-367","page","type-page","status-publish","hentry"],"_links":{"self":[{"href":"https:\/\/elsprepaid.com\/sv\/wp-json\/wp\/v2\/pages\/367","targetHints":{"allow":["GET"]}}],"collection":[{"href":"https:\/\/elsprepaid.com\/sv\/wp-json\/wp\/v2\/pages"}],"about":[{"href":"https:\/\/elsprepaid.com\/sv\/wp-json\/wp\/v2\/types\/page"}],"author":[{"embeddable":true,"href":"https:\/\/elsprepaid.com\/sv\/wp-json\/wp\/v2\/users\/1"}],"replies":[{"embeddable":true,"href":"https:\/\/elsprepaid.com\/sv\/wp-json\/wp\/v2\/comments?post=367"}],"version-history":[{"count":0,"href":"https:\/\/elsprepaid.com\/sv\/wp-json\/wp\/v2\/pages\/367\/revisions"}],"up":[{"embeddable":true,"href":"https:\/\/elsprepaid.com\/sv\/wp-json\/wp\/v2\/pages\/280"}],"wp:attachment":[{"href":"https:\/\/elsprepaid.com\/sv\/wp-json\/wp\/v2\/media?parent=367"}],"curies":[{"name":"wp","href":"https:\/\/api.w.org\/{rel}","templated":true}]}}