{"id":536,"date":"2024-01-25T13:34:36","date_gmt":"2024-01-25T13:34:36","guid":{"rendered":"https:\/\/elsprepaid.wpenginepowered.com\/fpa\/forlorat-kort-vad-ska-jag-gora\/"},"modified":"2024-02-05T14:19:31","modified_gmt":"2024-02-05T14:19:31","slug":"forlorat-kort-vad-ska-jag-gora","status":"publish","type":"page","link":"https:\/\/elsprepaid.com\/sv\/fpa\/forlorat-kort-vad-ska-jag-gora\/","title":{"rendered":"F\u00f6rlorat kort. Vad ska jag g\u00f6ra?"},"content":{"rendered":"\n<p>Om du har tappat bort ditt kort eller, \u00e4nnu v\u00e4rre, om det blev stulet, oroa dig inte \u2013 vi fixar det. S\u00e5 h\u00e4r ska du g\u00f6ra:<\/p>\n\n\n\n<ol class=\"wp-block-list\">\n<li><strong>Sp\u00e4rra kortet tillf\u00e4lligt (om du \u00e4r os\u00e4ker):<\/strong><br><br>G\u00e5 till MyPortal som \u00e4r din p\u00e5litliga resurs f\u00f6r att hantera dina kort\u00e4renden.<br><br>Du kan tillf\u00e4lligt sp\u00e4rra ditt kort via MyPortal (se v\u00e5r bruksanvisning <a href=\"https:\/\/elsprepaid.com\/wp-content\/uploads\/2024\/02\/ELS_Prepaid_MyPortal_user_manual_SE.pdf\" data-type=\"link\" data-id=\"https:\/\/elsprepaid.com\/kela\/need-help-with-myportal\/\" target=\"_blank\" rel=\"noreferrer noopener\">h\u00e4r<\/a>).<br><br>Hade du tur? Om du hittar ditt kort kan du enkelt ta bort den tillf\u00e4lliga sp\u00e4rren och forts\u00e4tta som vanligt.<br><\/li>\n\n\n\n<li><strong>Avsluta kortet permanent (om det bekr\u00e4ftas att det har tappats eller stulits):<\/strong><br><br>\u00c4r du s\u00e4ker p\u00e5 att ditt kort har rymt eller har hamnat i fel h\u00e4nder? D\u00e5 m\u00e5ste du agera snabbt!<br><br>G\u00e5 till MyPortal omedelbart och avsluta kortet permanent (instruktioner finns found <a href=\"https:\/\/elsprepaid.com\/wp-content\/uploads\/2024\/02\/ELS_Prepaid_MyPortal_user_manual_SE.pdf\" data-type=\"link\" data-id=\"https:\/\/elsprepaid.com\/kela\/need-help-with-myportal\/\" target=\"_blank\" rel=\"noreferrer noopener\">h\u00e4r<\/a>).<br><\/li>\n\n\n\n<li><strong>Kommer du inte in p\u00e5 MyPortal? Oroa dig inte:<\/strong><br><br>Kontakta v\u00e5r tj\u00e4nst f\u00f6r sp\u00e4rrning av kort p\u00e5 09 61500115\u200b f\u00f6r hj\u00e4lp.<br><br>T\u00e4nk p\u00e5 att: Om du avslutar kortet kommer du inte automatiskt att f\u00e5 ett nytt. Du m\u00e5ste d\u00e5 kontakta ditt FPA-kontor f\u00f6r att best\u00e4lla ett nytt kort.<br><br>Att f\u00f6rlora ett kort kan vara jobbigt, men vi finns h\u00e4r f\u00f6r att g\u00f6ra processen s\u00e5 smidig som m\u00f6jlig. Din s\u00e4kerhet \u00e4r v\u00e5r prioritet, och vi v\u00e4rdes\u00e4tter ditt snabba agerande i s\u00e5dana h\u00e4r situationer.<\/li>\n<\/ol>\n","protected":false},"excerpt":{"rendered":"<p>Om du har tappat bort ditt kort eller, \u00e4nnu v\u00e4rre, om det blev stulet, oroa dig inte \u2013 vi fixar det. S\u00e5 h\u00e4r ska du g\u00f6ra:<\/p>\n","protected":false},"author":1,"featured_media":0,"parent":280,"menu_order":0,"comment_status":"closed","ping_status":"closed","template":"","meta":{"footnotes":""},"class_list":["post-536","page","type-page","status-publish","hentry"],"_links":{"self":[{"href":"https:\/\/elsprepaid.com\/sv\/wp-json\/wp\/v2\/pages\/536","targetHints":{"allow":["GET"]}}],"collection":[{"href":"https:\/\/elsprepaid.com\/sv\/wp-json\/wp\/v2\/pages"}],"about":[{"href":"https:\/\/elsprepaid.com\/sv\/wp-json\/wp\/v2\/types\/page"}],"author":[{"embeddable":true,"href":"https:\/\/elsprepaid.com\/sv\/wp-json\/wp\/v2\/users\/1"}],"replies":[{"embeddable":true,"href":"https:\/\/elsprepaid.com\/sv\/wp-json\/wp\/v2\/comments?post=536"}],"version-history":[{"count":0,"href":"https:\/\/elsprepaid.com\/sv\/wp-json\/wp\/v2\/pages\/536\/revisions"}],"up":[{"embeddable":true,"href":"https:\/\/elsprepaid.com\/sv\/wp-json\/wp\/v2\/pages\/280"}],"wp:attachment":[{"href":"https:\/\/elsprepaid.com\/sv\/wp-json\/wp\/v2\/media?parent=536"}],"curies":[{"name":"wp","href":"https:\/\/api.w.org\/{rel}","templated":true}]}}