{"id":551,"date":"2024-01-25T13:45:57","date_gmt":"2024-01-25T13:45:57","guid":{"rendered":"https:\/\/elsprepaid.wpenginepowered.com\/migrationsverket\/har-du-problem-med-din-pin-kod\/"},"modified":"2024-05-31T13:33:06","modified_gmt":"2024-05-31T12:33:06","slug":"har-du-problem-med-din-pin-kod","status":"publish","type":"page","link":"https:\/\/elsprepaid.com\/sv\/migrationsverket\/har-du-problem-med-din-pin-kod\/","title":{"rendered":"Har du problem med din PIN-kod?"},"content":{"rendered":"\n<ol class=\"wp-block-list\">\n<li><strong>Min PIN-kod \u00e4r l\u00e5st. Vad ska jag g\u00f6ra?<\/strong><br><br>Om du har angett fel PIN-kod flera g\u00e5nger och ditt kort \u00e4r l\u00e5st, oroa dig inte \u2013 det finns en enkel l\u00f6sning. G\u00e5 till valfri Nosto-uttagsautomat och ta ut pengar eller g\u00f6r en saldof\u00f6rfr\u00e5gan. Vi rekommenderar att du bekr\u00e4ftar att du har r\u00e4tt PIN-kod, som f\u00f6rst skickades till dig via post. Du kan ocks\u00e5 hitta din PIN-kod i din MyPortal-profil.<br><br>N\u00e4r du har verifierat r\u00e4tt PIN-kod, kan du vid uttagsautomaten f\u00f6lja de steg som n\u00e4mnts tidigare. Om detta av n\u00e5gon anledning inte l\u00f6ser problemet, eller om du inte kan kontrollera r\u00e4tt PIN-kod, ska du kontakta f\u00f6rl\u00e4ggningen. De kan hj\u00e4lpa till med att l\u00e5sa upp ditt kort eller, om det beh\u00f6vs, avsluta ditt nuvarande kort och skicka ett nytt med en ny PIN-kod.<br><\/li>\n\n\n\n<li><strong>Jag kommer inte ih\u00e5g min PIN-kod. Vad ska jag g\u00f6ra?<\/strong><br><br>Du beh\u00f6ver inte oroa dig om du inte kommer ih\u00e5g din PIN-kod. Logga bara in p\u00e5 din MyPortal-profil d\u00e4r du enkelt kan se din PIN-kod. Om du inte har tillg\u00e5ng till MyPortal, kontakta f\u00f6rl\u00e4ggningen. De kan omedelbart avsluta ditt befintliga kort och best\u00e4lla ett nytt till dig, och med en helt ny PIN-kod.<br><\/li>\n\n\n\n<li><strong>Var hittar jag min PIN-kod?<\/strong><br><br>Din PIN-kod kom i samma kuvert som kortet. Titta p\u00e5 brevet i kuvertet, koden b\u00f6r finnas d\u00e4r. Dessutom kan du alltid snabbt och bekv\u00e4mt se din PIN-kod via MyPortal.<\/li>\n<\/ol>\n","protected":false},"excerpt":{"rendered":"","protected":false},"author":1,"featured_media":0,"parent":545,"menu_order":0,"comment_status":"closed","ping_status":"closed","template":"","meta":{"footnotes":""},"class_list":["post-551","page","type-page","status-publish","hentry"],"_links":{"self":[{"href":"https:\/\/elsprepaid.com\/sv\/wp-json\/wp\/v2\/pages\/551","targetHints":{"allow":["GET"]}}],"collection":[{"href":"https:\/\/elsprepaid.com\/sv\/wp-json\/wp\/v2\/pages"}],"about":[{"href":"https:\/\/elsprepaid.com\/sv\/wp-json\/wp\/v2\/types\/page"}],"author":[{"embeddable":true,"href":"https:\/\/elsprepaid.com\/sv\/wp-json\/wp\/v2\/users\/1"}],"replies":[{"embeddable":true,"href":"https:\/\/elsprepaid.com\/sv\/wp-json\/wp\/v2\/comments?post=551"}],"version-history":[{"count":0,"href":"https:\/\/elsprepaid.com\/sv\/wp-json\/wp\/v2\/pages\/551\/revisions"}],"up":[{"embeddable":true,"href":"https:\/\/elsprepaid.com\/sv\/wp-json\/wp\/v2\/pages\/545"}],"wp:attachment":[{"href":"https:\/\/elsprepaid.com\/sv\/wp-json\/wp\/v2\/media?parent=551"}],"curies":[{"name":"wp","href":"https:\/\/api.w.org\/{rel}","templated":true}]}}