{"id":564,"date":"2024-01-25T13:49:24","date_gmt":"2024-01-25T13:49:24","guid":{"rendered":"https:\/\/elsprepaid.wpenginepowered.com\/migrationsverket\/hur-skaffar-jag-ett-nytt-kort\/"},"modified":"2024-05-31T13:37:06","modified_gmt":"2024-05-31T12:37:06","slug":"hur-skaffar-jag-ett-nytt-kort","status":"publish","type":"page","link":"https:\/\/elsprepaid.com\/sv\/migrationsverket\/hur-skaffar-jag-ett-nytt-kort\/","title":{"rendered":"Hur skaffar jag ett nytt kort"},"content":{"rendered":"\n<p>Om du n\u00e5gon g\u00e5ng skulle beh\u00f6va ett nytt kort, oavsett om det beror p\u00e5 f\u00f6rlust eller av n\u00e5gon annan anledning, s\u00e5 fixar vi det! H\u00e4r \u00e4r en steg-f\u00f6r-steg-guide f\u00f6r att g\u00f6ra processen s\u00e5 smidig som m\u00f6jlig:<\/p>\n\n\n\n<ol class=\"wp-block-list\">\n<li><strong>S\u00e4ker sp\u00e4rrning (om till\u00e4mpligt):<\/strong><br><br>Om du har tappat bort eller p\u00e5 annat s\u00e4tt f\u00f6rlorat ditt kort \u00e4r det viktigt att se till att det sp\u00e4rras av s\u00e4kerhetssk\u00e4l.<br><br>Det kan du sj\u00e4lv g\u00f6ra via MyPortal. \u00c4r du inte s\u00e4ker p\u00e5 hur? Se instruktioner i <a href=\"https:\/\/elsprepaid.com\/wp-content\/uploads\/2024\/02\/ELS_Prepaid_MyPortal_user_manual_SE.pdf\" data-type=\"page\" data-id=\"554\" target=\"_blank\" rel=\"noreferrer noopener\">MyPortal User Manual<\/a>.<br><\/li>\n\n\n\n<li><strong>Beh\u00f6ver du ers\u00e4tta kortet av en annan anledning?<\/strong><br><br>Om din situation kr\u00e4ver ett nytt kort men sp\u00e4rrning inte \u00e4r n\u00f6dv\u00e4ndig, kontakta din f\u00f6rl\u00e4ggning.<br><br>De \u00e4r redo att snabbt hj\u00e4lpa dig och kan underl\u00e4tta utf\u00e4rdandet av ett nytt kort.<br><\/li>\n\n\n\n<li><strong>Kontakta din f\u00f6rl\u00e4ggning:<\/strong><br><br>F\u00f6r alla kortrelaterade \u00e4renden \u00e4r f\u00f6l\u00e4ggningen din f\u00f6rsta anhalt.<br><br>Kontakta dem och f\u00f6rklara din situation s\u00e5 kommer de att guida dig genom de steg som kr\u00e4vs f\u00f6r att f\u00e5 ett nytt kort.<br><\/li>\n\n\n\n<li><strong>Bekv\u00e4m leverans:<\/strong><br><br>N\u00e4r processen har p\u00e5b\u00f6rjats kommer ditt nya kort att utf\u00e4rdas och skickas, eller s\u00e5 kan du h\u00e4mta kortet p\u00e5 din f\u00f6rl\u00e4ggning. Kom \u00f6verens om metod med f\u00f6rl\u00e4ggningen.\u00a0<\/li>\n<\/ol>\n","protected":false},"excerpt":{"rendered":"<p>Om du n\u00e5gon g\u00e5ng skulle beh\u00f6va ett nytt kort, oavsett om det beror p\u00e5 f\u00f6rlust eller av n\u00e5gon annan anledning, s\u00e5 fixar vi det! H\u00e4r \u00e4r en steg-f\u00f6r-steg-guide f\u00f6r att g\u00f6ra processen s\u00e5 smidig som m\u00f6jlig:<\/p>\n","protected":false},"author":1,"featured_media":0,"parent":545,"menu_order":0,"comment_status":"closed","ping_status":"closed","template":"","meta":{"footnotes":""},"class_list":["post-564","page","type-page","status-publish","hentry"],"_links":{"self":[{"href":"https:\/\/elsprepaid.com\/sv\/wp-json\/wp\/v2\/pages\/564","targetHints":{"allow":["GET"]}}],"collection":[{"href":"https:\/\/elsprepaid.com\/sv\/wp-json\/wp\/v2\/pages"}],"about":[{"href":"https:\/\/elsprepaid.com\/sv\/wp-json\/wp\/v2\/types\/page"}],"author":[{"embeddable":true,"href":"https:\/\/elsprepaid.com\/sv\/wp-json\/wp\/v2\/users\/1"}],"replies":[{"embeddable":true,"href":"https:\/\/elsprepaid.com\/sv\/wp-json\/wp\/v2\/comments?post=564"}],"version-history":[{"count":0,"href":"https:\/\/elsprepaid.com\/sv\/wp-json\/wp\/v2\/pages\/564\/revisions"}],"up":[{"embeddable":true,"href":"https:\/\/elsprepaid.com\/sv\/wp-json\/wp\/v2\/pages\/545"}],"wp:attachment":[{"href":"https:\/\/elsprepaid.com\/sv\/wp-json\/wp\/v2\/media?parent=564"}],"curies":[{"name":"wp","href":"https:\/\/api.w.org\/{rel}","templated":true}]}}