{"id":574,"date":"2024-01-25T13:50:35","date_gmt":"2024-01-25T13:50:35","guid":{"rendered":"https:\/\/elsprepaid.wpenginepowered.com\/migrationsverket\/har-transaktionen-nekats\/"},"modified":"2024-05-31T13:34:08","modified_gmt":"2024-05-31T12:34:08","slug":"har-transaktionen-nekats","status":"publish","type":"page","link":"https:\/\/elsprepaid.com\/sv\/migrationsverket\/har-transaktionen-nekats\/","title":{"rendered":"Har transaktionen nekats"},"content":{"rendered":"\n<h2 class=\"wp-block-heading\">Varf\u00f6r nekades mitt kort?<\/h2>\n\n\n\n<p>Ditt kort kan nekas av olika anledningar, inklusive ett utg\u00e5nget kort, \u00f6verskridande av din kontogr\u00e4ns eller otillr\u00e4ckligt saldo. Om du nyligen har gjort ink\u00f6p kan reserverade medel finnas p\u00e5 plats tills dessa transaktioner \u00e4r genomf\u00f6rda, vilket p\u00e5verkar ditt tillg\u00e4ngliga saldo.<\/p>\n\n\n\n<h2 class=\"wp-block-heading\">Vad ska du g\u00f6ra om ditt kort nekas?<\/h2>\n\n\n\n<p>Dubbelkolla f\u00f6rst att du har angett dina uppgifter korrekt och att du har tillr\u00e4ckligt med pengar. Om du f\u00f6rs\u00f6ker g\u00f6ra en kontaktl\u00f6s betalning, var medveten om vissa begr\u00e4nsningar \u2013 fem p\u00e5 varandra f\u00f6ljande betalningar, en maximal individuell betalning p\u00e5 50 \u20ac, och totalt 150 \u20ac f\u00f6r p\u00e5 varandra f\u00f6ljande kontaktl\u00f6sa transaktioner. Anv\u00e4nd ditt korts chip och PIN-kod f\u00f6r transaktionen. Kontakta din f\u00f6rl\u00e4ggning om problemet kvarst\u00e5r.<\/p>\n\n\n\n<h2 class=\"wp-block-heading\">Kan jag minska risken f\u00f6r att mitt kort nekas?<\/h2>\n\n\n\n<p>Ja, var proaktiv genom att \u00f6vervaka ditt konto regelbundet, h\u00e5lla reda p\u00e5 ditt korts utg\u00e5ngsdatum och vara medveten om dina utgiftsvanor och kontosaldo.<\/p>\n\n\n\n<h2 class=\"wp-block-heading\">Finns det n\u00e5got s\u00e4tt att undvika reserverade pengar?<\/h2>\n\n\n\n<p>Reserverade pengar, som reserveras under 1 till 30 dagar (vanligtvis 1 till 8 arbetsdagar), s\u00e4kra transaktioner p\u00e5 ditt konto. De syns med status \u201dV\u00e4ntar\u201d p\u00e5 MyPortal. R\u00e4kna med minst \u00e5tta arbetsdagar f\u00f6r automatisk avr\u00e4kning. Kontakta vid behov handlaren efter denna period. Kontakta din f\u00f6rl\u00e4ggning om problemet kvarst\u00e5r.<\/p>\n","protected":false},"excerpt":{"rendered":"<p>Varf\u00f6r nekades mitt kort? Ditt kort kan nekas av olika anledningar, inklusive ett utg\u00e5nget kort, \u00f6verskridande av din kontogr\u00e4ns eller otillr\u00e4ckligt saldo. Om du nyligen har gjort ink\u00f6p kan reserverade medel finnas p\u00e5 plats tills dessa transaktioner \u00e4r genomf\u00f6rda, vilket p\u00e5verkar ditt tillg\u00e4ngliga saldo. Vad ska du g\u00f6ra om ditt kort nekas? Dubbelkolla f\u00f6rst att [&hellip;]<\/p>\n","protected":false},"author":1,"featured_media":0,"parent":545,"menu_order":0,"comment_status":"closed","ping_status":"closed","template":"","meta":{"footnotes":""},"class_list":["post-574","page","type-page","status-publish","hentry"],"_links":{"self":[{"href":"https:\/\/elsprepaid.com\/sv\/wp-json\/wp\/v2\/pages\/574","targetHints":{"allow":["GET"]}}],"collection":[{"href":"https:\/\/elsprepaid.com\/sv\/wp-json\/wp\/v2\/pages"}],"about":[{"href":"https:\/\/elsprepaid.com\/sv\/wp-json\/wp\/v2\/types\/page"}],"author":[{"embeddable":true,"href":"https:\/\/elsprepaid.com\/sv\/wp-json\/wp\/v2\/users\/1"}],"replies":[{"embeddable":true,"href":"https:\/\/elsprepaid.com\/sv\/wp-json\/wp\/v2\/comments?post=574"}],"version-history":[{"count":0,"href":"https:\/\/elsprepaid.com\/sv\/wp-json\/wp\/v2\/pages\/574\/revisions"}],"up":[{"embeddable":true,"href":"https:\/\/elsprepaid.com\/sv\/wp-json\/wp\/v2\/pages\/545"}],"wp:attachment":[{"href":"https:\/\/elsprepaid.com\/sv\/wp-json\/wp\/v2\/media?parent=574"}],"curies":[{"name":"wp","href":"https:\/\/api.w.org\/{rel}","templated":true}]}}