{"id":584,"date":"2023-12-11T16:06:20","date_gmt":"2023-12-11T16:06:20","guid":{"rendered":"https:\/\/elsprepaid.wpenginepowered.com\/brottspafoljdsmyndigheten\/"},"modified":"2024-02-02T10:33:36","modified_gmt":"2024-02-02T10:33:36","slug":"brottspafoljdsmyndigheten","status":"publish","type":"page","link":"https:\/\/elsprepaid.com\/sv\/brottspafoljdsmyndigheten\/","title":{"rendered":"Brottsp\u00e5f\u00f6ljdsmyndigheten"},"content":{"rendered":"\n<p><a href=\"https:\/\/elsprepaid.com\/wp-content\/uploads\/2024\/01\/ELS-Kortvillkor-RISE_SV2023-11-27.pdf\">Regler och villkor<\/a><\/p>\n\n\n\n<h2 class=\"wp-block-heading\">Vanliga fr\u00e5gor<\/h2>\n\n\n\n<ul class=\"wp-block-list\">\n<li><a href=\"https:\/\/elsprepaid.com\/sv\/brottspafoljdsmyndigheten\/har-du-problem-med-din-pin-kod\/\" data-type=\"page\" data-id=\"916\">Har du problem med din PIN-kod?<\/a><\/li>\n\n\n\n<li><a href=\"https:\/\/elsprepaid.com\/sv\/brottspafoljdsmyndigheten\/fungerar-inte-ditt-kort\/\" data-type=\"page\" data-id=\"920\">Fungerar inte ditt kort?<\/a><\/li>\n\n\n\n<li><a href=\"https:\/\/elsprepaid.com\/sv\/brottspafoljdsmyndigheten\/hur-skaffar-jag-ett-nytt-kort\/\" data-type=\"page\" data-id=\"926\">Hur skaffar jag ett nytt kort?<\/a><\/li>\n\n\n\n<li><a href=\"https:\/\/elsprepaid.com\/sv\/brottspafoljdsmyndigheten\/har-transaktionen-nekats\/\" data-type=\"page\" data-id=\"937\">Har transaktionen nekats? L\u00e4s mer<\/a><\/li>\n\n\n\n<li><a href=\"https:\/\/elsprepaid.com\/sv\/brottspafoljdsmyndigheten\/forlorat-kort-vad-ska-jag-gora\/\" data-type=\"page\" data-id=\"943\">Har du f\u00f6rlorat ditt kort?<\/a><\/li>\n<\/ul>\n\n\n\n<h3 class=\"wp-block-heading\">Kontakt vid fr\u00e5gor<\/h3>\n\n\n\n<p>Kontakta kontoret d\u00e4r du h\u00e4mtadeck ditt kort. <\/p>\n","protected":false},"excerpt":{"rendered":"<p>Regler och villkor Vanliga fr\u00e5gor Kontakt vid fr\u00e5gor Kontakta kontoret d\u00e4r du h\u00e4mtadeck ditt kort.<\/p>\n","protected":false},"author":1,"featured_media":0,"parent":0,"menu_order":3,"comment_status":"closed","ping_status":"closed","template":"","meta":{"footnotes":""},"class_list":["post-584","page","type-page","status-publish","hentry"],"_links":{"self":[{"href":"https:\/\/elsprepaid.com\/sv\/wp-json\/wp\/v2\/pages\/584","targetHints":{"allow":["GET"]}}],"collection":[{"href":"https:\/\/elsprepaid.com\/sv\/wp-json\/wp\/v2\/pages"}],"about":[{"href":"https:\/\/elsprepaid.com\/sv\/wp-json\/wp\/v2\/types\/page"}],"author":[{"embeddable":true,"href":"https:\/\/elsprepaid.com\/sv\/wp-json\/wp\/v2\/users\/1"}],"replies":[{"embeddable":true,"href":"https:\/\/elsprepaid.com\/sv\/wp-json\/wp\/v2\/comments?post=584"}],"version-history":[{"count":0,"href":"https:\/\/elsprepaid.com\/sv\/wp-json\/wp\/v2\/pages\/584\/revisions"}],"wp:attachment":[{"href":"https:\/\/elsprepaid.com\/sv\/wp-json\/wp\/v2\/media?parent=584"}],"curies":[{"name":"wp","href":"https:\/\/api.w.org\/{rel}","templated":true}]}}