{"id":943,"date":"2024-01-25T14:11:23","date_gmt":"2024-01-25T14:11:23","guid":{"rendered":"https:\/\/elsprepaid.wpenginepowered.com\/brottspafoljdsmyndigheten\/forlorat-kort-vad-ska-jag-gora\/"},"modified":"2024-02-02T10:33:06","modified_gmt":"2024-02-02T10:33:06","slug":"forlorat-kort-vad-ska-jag-gora","status":"publish","type":"page","link":"https:\/\/elsprepaid.com\/sv\/brottspafoljdsmyndigheten\/forlorat-kort-vad-ska-jag-gora\/","title":{"rendered":"F\u00f6rlorat kort. Vad ska jag g\u00f6ra?"},"content":{"rendered":"\n<p>Om du har tappat bort ditt kort eller, \u00e4nnu v\u00e4rre, om det blev stulet, oroa dig inte \u2013 vi fixar det. S\u00e5 h\u00e4r ska du g\u00f6ra:<\/p>\n\n<ol class=\"wp-block-list\">\n<li><strong>Sp\u00e4rra kortet tillf\u00e4lligt (om du \u00e4r os\u00e4ker):<\/strong><br\/><br\/>Kontakta ditt Brottsp\u00e5f\u00f6ljdsmyndigheten-kontor s\u00e5 fort som m\u00f6jligt.<br\/><br\/>De kan sp\u00e4rra ditt kort tillf\u00e4lligt.<br\/><br\/>Hade du tur? Om du hittar ditt kort kan Brottsp\u00e5f\u00f6ljdsmyndigheten-kontoret ta bort den tillf\u00e4lliga sp\u00e4rren och du kan forts\u00e4tta som vanligt.<br\/><\/li>\n\n\n\n<li><strong>Avsluta kortet permanent (om det bekr\u00e4ftas att det har tappats eller stulits):<\/strong><br\/><br\/>Kontakta v\u00e5r tj\u00e4nst f\u00f6r sp\u00e4rrning av kort p\u00e5 09 61500115\u200b f\u00f6r hj\u00e4lp.<br\/><br\/>T\u00e4nk p\u00e5 att: Om du avslutar kortet kommer du inte automatiskt att f\u00e5 ett nytt. Du m\u00e5ste d\u00e5 kontakta ditt Brottsp\u00e5f\u00f6ljdsmyndigheten-kontor f\u00f6r att best\u00e4lla ett nytt kort. Alternativt kan du kontakta ditt kontor direkt och f\u00f6rklara situationen, s\u00e5 sp\u00e4rrar de ditt kort och utf\u00e4rdar ett nytt.<br\/><br\/>Att f\u00f6rlora ett kort kan vara jobbigt, men vi finns h\u00e4r f\u00f6r att g\u00f6ra processen s\u00e5 smidig som m\u00f6jligt. Din s\u00e4kerhet \u00e4r v\u00e5r prioritet, och vi v\u00e4rdes\u00e4tter ditt snabba agerande i s\u00e5dana h\u00e4r situationer.<\/li>\n<\/ol>\n","protected":false},"excerpt":{"rendered":"<p>Om du har tappat bort ditt kort eller, \u00e4nnu v\u00e4rre, om det blev stulet, oroa dig inte \u2013 vi fixar det. S\u00e5 h\u00e4r ska du g\u00f6ra:<\/p>\n","protected":false},"author":1,"featured_media":0,"parent":584,"menu_order":0,"comment_status":"closed","ping_status":"closed","template":"","meta":{"footnotes":""},"class_list":["post-943","page","type-page","status-publish","hentry"],"_links":{"self":[{"href":"https:\/\/elsprepaid.com\/sv\/wp-json\/wp\/v2\/pages\/943","targetHints":{"allow":["GET"]}}],"collection":[{"href":"https:\/\/elsprepaid.com\/sv\/wp-json\/wp\/v2\/pages"}],"about":[{"href":"https:\/\/elsprepaid.com\/sv\/wp-json\/wp\/v2\/types\/page"}],"author":[{"embeddable":true,"href":"https:\/\/elsprepaid.com\/sv\/wp-json\/wp\/v2\/users\/1"}],"replies":[{"embeddable":true,"href":"https:\/\/elsprepaid.com\/sv\/wp-json\/wp\/v2\/comments?post=943"}],"version-history":[{"count":0,"href":"https:\/\/elsprepaid.com\/sv\/wp-json\/wp\/v2\/pages\/943\/revisions"}],"up":[{"embeddable":true,"href":"https:\/\/elsprepaid.com\/sv\/wp-json\/wp\/v2\/pages\/584"}],"wp:attachment":[{"href":"https:\/\/elsprepaid.com\/sv\/wp-json\/wp\/v2\/media?parent=943"}],"curies":[{"name":"wp","href":"https:\/\/api.w.org\/{rel}","templated":true}]}}