{"id":960,"date":"2024-01-25T14:44:17","date_gmt":"2024-01-25T14:44:17","guid":{"rendered":"https:\/\/elsprepaid.wpenginepowered.com\/domstolsvasendet\/fungerar-inte-ditt-kort\/"},"modified":"2024-02-02T10:41:05","modified_gmt":"2024-02-02T10:41:05","slug":"fungerar-inte-ditt-kort","status":"publish","type":"page","link":"https:\/\/elsprepaid.com\/sv\/domstolsvasendet\/fungerar-inte-ditt-kort\/","title":{"rendered":"Fungerar inte ditt kort?"},"content":{"rendered":"\n<p>Vi f\u00f6rst\u00e5r att du blir frustrerad om ditt kort inte fungerar. Innan du kontaktar ditt kontor b\u00f6r du \u00f6verv\u00e4ga dessa steg f\u00f6r att effektivisera fels\u00f6kningen:<\/p>\n\n\n\n<p><strong>Detaljerna spelar roll:<\/strong> N\u00e4r du beskriver problemet, var s\u00e5 detaljerad som m\u00f6jligt. Ju mer information du anger, desto snabbare kan vi hitta problemet.<\/p>\n\n\n\n<p><strong>Problem vid automaten:<\/strong> Beter sig ditt kort konstigt vid en betalterminal, en uttagsautomat eller b\u00e5da? Bekr\u00e4fta om kortet fungerar i den ena men inte den andra, det hj\u00e4lper oss att f\u00f6rst\u00e5 omfattningen av problemet.<\/p>\n\n\n\n<p><strong>Kontrollera PIN-kod och chip:<\/strong> N\u00e4r anv\u00e4nde du senast PIN-koden och chippet f\u00f6r en transaktion? Det finns vissa s\u00e4kerhetsfunktioner f\u00f6r kortet, och om du har gjort flera kontaktl\u00f6sa transaktioner i f\u00f6ljd kan det vara dags f\u00f6r en PIN- och chiptransaktion. Vi rekommenderar att du provar den h\u00e4r metoden om ditt kort inte fungerar.<\/p>\n\n\n\n<p><strong>Verifiera saldo:<\/strong> Se till att det finns tillr\u00e4ckligt med pengar p\u00e5 kontot f\u00f6r transaktionen. Du kan bekv\u00e4mt kontrollera ditt saldo i en Nosto-uttagsautomat.<\/p>\n\n\n\n<p>Om dessa steg inte l\u00f6ser problemet, tveka inte att kontakta kontoret d\u00e4r du fick ditt kort. De kommer att hj\u00e4lpa dig att f\u00e5 ordning p\u00e5 ditt kort.<\/p>\n","protected":false},"excerpt":{"rendered":"<p>Vi f\u00f6rst\u00e5r att du blir frustrerad om ditt kort inte fungerar. Innan du kontaktar ditt kontor b\u00f6r du \u00f6verv\u00e4ga dessa steg f\u00f6r att effektivisera fels\u00f6kningen: Detaljerna spelar roll: N\u00e4r du beskriver problemet, var s\u00e5 detaljerad som m\u00f6jligt. Ju mer information du anger, desto snabbare kan vi hitta problemet. Problem vid automaten: Beter sig ditt kort [&hellip;]<\/p>\n","protected":false},"author":1,"featured_media":0,"parent":948,"menu_order":0,"comment_status":"closed","ping_status":"closed","template":"","meta":{"footnotes":""},"class_list":["post-960","page","type-page","status-publish","hentry"],"_links":{"self":[{"href":"https:\/\/elsprepaid.com\/sv\/wp-json\/wp\/v2\/pages\/960","targetHints":{"allow":["GET"]}}],"collection":[{"href":"https:\/\/elsprepaid.com\/sv\/wp-json\/wp\/v2\/pages"}],"about":[{"href":"https:\/\/elsprepaid.com\/sv\/wp-json\/wp\/v2\/types\/page"}],"author":[{"embeddable":true,"href":"https:\/\/elsprepaid.com\/sv\/wp-json\/wp\/v2\/users\/1"}],"replies":[{"embeddable":true,"href":"https:\/\/elsprepaid.com\/sv\/wp-json\/wp\/v2\/comments?post=960"}],"version-history":[{"count":0,"href":"https:\/\/elsprepaid.com\/sv\/wp-json\/wp\/v2\/pages\/960\/revisions"}],"up":[{"embeddable":true,"href":"https:\/\/elsprepaid.com\/sv\/wp-json\/wp\/v2\/pages\/948"}],"wp:attachment":[{"href":"https:\/\/elsprepaid.com\/sv\/wp-json\/wp\/v2\/media?parent=960"}],"curies":[{"name":"wp","href":"https:\/\/api.w.org\/{rel}","templated":true}]}}