{"id":966,"date":"2024-01-25T14:49:11","date_gmt":"2024-01-25T14:49:11","guid":{"rendered":"https:\/\/elsprepaid.wpenginepowered.com\/domstolsvasendet\/forlorat-kort-vad-ska-jag-gora\/"},"modified":"2024-02-02T10:42:44","modified_gmt":"2024-02-02T10:42:44","slug":"forlorat-kort-vad-ska-jag-gora","status":"publish","type":"page","link":"https:\/\/elsprepaid.com\/sv\/domstolsvasendet\/forlorat-kort-vad-ska-jag-gora\/","title":{"rendered":"F\u00f6rlorat kort. Vad ska jag g\u00f6ra?"},"content":{"rendered":"\n<p>Om du har tappat bort ditt kort eller, \u00e4nnu v\u00e4rre, om det blev stulet, oroa dig inte \u2013 vi fixar det. S\u00e5 h\u00e4r ska du g\u00f6ra:<\/p>\n\n\n\n<p><strong>1.<\/strong> <strong>Avsluta kortet permanent:<\/strong><\/p>\n\n\n\n<p>Kontakta v\u00e5r tj\u00e4nst f\u00f6r sp\u00e4rrning av kort p\u00e5 09 61500115\u200b f\u00f6r hj\u00e4lp.<\/p>\n\n\n\n<p>T\u00e4nk p\u00e5 att: Om du avslutar kortet kommer du inte automatiskt att f\u00e5 ett nytt. Du m\u00e5ste d\u00e5 kontakta ditt Domstolsv\u00e4sendet-kontor f\u00f6r att best\u00e4lla ett nytt kort. Kom \u00f6verens med kontoret om var och n\u00e4r kortet kan h\u00e4mtas.<\/p>\n\n\n\n<p>Att f\u00f6rlora ett kort kan vara jobbigt, men vi finns h\u00e4r f\u00f6r att g\u00f6ra processen s\u00e5 smidig som m\u00f6jligt. Din s\u00e4kerhet \u00e4r v\u00e5r prioritet, och vi v\u00e4rdes\u00e4tter ditt snabba agerande i s\u00e5dana h\u00e4r situationer.<\/p>\n","protected":false},"excerpt":{"rendered":"<p>Om du har tappat bort ditt kort eller, \u00e4nnu v\u00e4rre, om det blev stulet, oroa dig inte \u2013 vi fixar det. S\u00e5 h\u00e4r ska du g\u00f6ra: 1. Avsluta kortet permanent: Kontakta v\u00e5r tj\u00e4nst f\u00f6r sp\u00e4rrning av kort p\u00e5 09 61500115\u200b f\u00f6r hj\u00e4lp. T\u00e4nk p\u00e5 att: Om du avslutar kortet kommer du inte automatiskt att f\u00e5 [&hellip;]<\/p>\n","protected":false},"author":1,"featured_media":0,"parent":948,"menu_order":0,"comment_status":"closed","ping_status":"closed","template":"","meta":{"footnotes":""},"class_list":["post-966","page","type-page","status-publish","hentry"],"_links":{"self":[{"href":"https:\/\/elsprepaid.com\/sv\/wp-json\/wp\/v2\/pages\/966","targetHints":{"allow":["GET"]}}],"collection":[{"href":"https:\/\/elsprepaid.com\/sv\/wp-json\/wp\/v2\/pages"}],"about":[{"href":"https:\/\/elsprepaid.com\/sv\/wp-json\/wp\/v2\/types\/page"}],"author":[{"embeddable":true,"href":"https:\/\/elsprepaid.com\/sv\/wp-json\/wp\/v2\/users\/1"}],"replies":[{"embeddable":true,"href":"https:\/\/elsprepaid.com\/sv\/wp-json\/wp\/v2\/comments?post=966"}],"version-history":[{"count":0,"href":"https:\/\/elsprepaid.com\/sv\/wp-json\/wp\/v2\/pages\/966\/revisions"}],"up":[{"embeddable":true,"href":"https:\/\/elsprepaid.com\/sv\/wp-json\/wp\/v2\/pages\/948"}],"wp:attachment":[{"href":"https:\/\/elsprepaid.com\/sv\/wp-json\/wp\/v2\/media?parent=966"}],"curies":[{"name":"wp","href":"https:\/\/api.w.org\/{rel}","templated":true}]}}